{"id":3,"date":"2022-09-07T21:49:23","date_gmt":"2022-09-07T21:49:23","guid":{"rendered":"https:\/\/anelsam.mx\/?page_id=3"},"modified":"2022-12-09T17:42:54","modified_gmt":"2022-12-09T17:42:54","slug":"politicas-de-privacidad","status":"publish","type":"page","link":"https:\/\/anelsam.mx\/index.php\/politicas-de-privacidad\/","title":{"rendered":"Pol\u00edticas de privacidad"},"content":{"rendered":"\t\t<div data-elementor-type=\"wp-page\" data-elementor-id=\"3\" class=\"elementor elementor-3\">\n\t\t\t\t\t\t<section class=\"elementor-section elementor-top-section elementor-element elementor-element-7b645a7c elementor-section-boxed elementor-section-height-default elementor-section-height-default\" data-id=\"7b645a7c\" data-element_type=\"section\" data-e-type=\"section\">\n\t\t\t\t\t\t<div class=\"elementor-container elementor-column-gap-default\">\n\t\t\t\t\t<div class=\"elementor-column elementor-col-100 elementor-top-column elementor-element elementor-element-105d6f97\" data-id=\"105d6f97\" data-element_type=\"column\" data-e-type=\"column\">\n\t\t\t<div class=\"elementor-widget-wrap elementor-element-populated\">\n\t\t\t\t\t\t<div class=\"elementor-element elementor-element-46cc3ef elementor-widget elementor-widget-text-editor\" data-id=\"46cc3ef\" data-element_type=\"widget\" data-e-type=\"widget\" data-widget_type=\"text-editor.default\">\n\t\t\t\t<div class=\"elementor-widget-container\">\n\t\t\t\t\t\t\t\t\t<h1 style=\"text-align: center;\"><strong><span style=\"color: #3b4ca3; font-size: 50px; font-family: Poppins;\">Aviso de<\/span><\/strong><\/h1>\t\t\t\t\t\t\t\t<\/div>\n\t\t\t\t<\/div>\n\t\t\t\t<div class=\"elementor-element elementor-element-527e127 elementor-widget elementor-widget-text-editor\" data-id=\"527e127\" data-element_type=\"widget\" data-e-type=\"widget\" data-widget_type=\"text-editor.default\">\n\t\t\t\t<div class=\"elementor-widget-container\">\n\t\t\t\t\t\t\t\t\t<h1 style=\"text-align: center;\"><strong><span style=\"color: #6e83f0; font-size: 50px; font-family: Poppins;\">privacidad<\/span><\/strong><\/h1>\t\t\t\t\t\t\t\t<\/div>\n\t\t\t\t<\/div>\n\t\t\t\t<div class=\"elementor-element elementor-element-00db495 elementor-widget elementor-widget-text-editor\" data-id=\"00db495\" data-element_type=\"widget\" data-e-type=\"widget\" data-widget_type=\"text-editor.default\">\n\t\t\t\t<div class=\"elementor-widget-container\">\n\t\t\t\t\t\t\t\t\t<p style=\"font-size: 18px; color: black; font-family: Signika Negative; line-height: 100%; font-weight: 300;\">Este documento describe la forma en que recabamos y usamos los datos personales que usted nos brinda. Tambi\u00e9n describe que tipo de datos son y que opciones tiene para limitar el uso de dichos datos, as\u00ed como el procedimiento para ejercer sus derechos ARCO.<\/p>\t\t\t\t\t\t\t\t<\/div>\n\t\t\t\t<\/div>\n\t\t\t\t<div class=\"elementor-element elementor-element-0a903bb elementor-widget-divider--view-line elementor-widget elementor-widget-divider\" data-id=\"0a903bb\" data-element_type=\"widget\" data-e-type=\"widget\" data-widget_type=\"divider.default\">\n\t\t\t\t<div class=\"elementor-widget-container\">\n\t\t\t\t\t\t\t<div class=\"elementor-divider\">\n\t\t\t<span class=\"elementor-divider-separator\">\n\t\t\t\t\t\t<\/span>\n\t\t<\/div>\n\t\t\t\t\t\t<\/div>\n\t\t\t\t<\/div>\n\t\t\t\t<div class=\"elementor-element elementor-element-c1c7d29 elementor-widget elementor-widget-text-editor\" data-id=\"c1c7d29\" data-element_type=\"widget\" data-e-type=\"widget\" data-widget_type=\"text-editor.default\">\n\t\t\t\t<div class=\"elementor-widget-container\">\n\t\t\t\t\t\t\t\t\t<p style=\"text-align: left; font-size: 22px; color: black; font-family: 'Signika Negative'; line-height: 100%; font-weight: 600; padding-left: 40px;\">1) Responsable de la protecci\u00f3n de sus datos personales<\/p><p style=\"font-size: 18px; color: black; font-family: Signika Negative; line-height: 100%; font-weight: 300;\"><strong>ANELSAM Dental Corporation<\/strong>, con domicilio en <strong>Calzada de Tlalpan 836, Villa de Cortes<\/strong><br \/><strong>Ciudad de Mexico, Distrito Federal 03530, M\u00e9xico<\/strong>, es responsable del tratamiento (uso) de sus datos personales.<\/p>\t\t\t\t\t\t\t\t<\/div>\n\t\t\t\t<\/div>\n\t\t\t\t<div class=\"elementor-element elementor-element-c8caa5c elementor-widget-divider--view-line elementor-widget elementor-widget-divider\" data-id=\"c8caa5c\" data-element_type=\"widget\" data-e-type=\"widget\" data-widget_type=\"divider.default\">\n\t\t\t\t<div class=\"elementor-widget-container\">\n\t\t\t\t\t\t\t<div class=\"elementor-divider\">\n\t\t\t<span class=\"elementor-divider-separator\">\n\t\t\t\t\t\t<\/span>\n\t\t<\/div>\n\t\t\t\t\t\t<\/div>\n\t\t\t\t<\/div>\n\t\t\t\t<div class=\"elementor-element elementor-element-3e3aa52 elementor-widget elementor-widget-text-editor\" data-id=\"3e3aa52\" data-element_type=\"widget\" data-e-type=\"widget\" data-widget_type=\"text-editor.default\">\n\t\t\t\t<div class=\"elementor-widget-container\">\n\t\t\t\t\t\t\t\t\t<p style=\"text-align: left; font-size: 22px; color: black; font-family: 'Signika Negative'; line-height: 100%; font-weight: 600; padding-left: 40px;\">2) Nuestro Departamento de Protecci\u00f3n de Datos<\/p>\n<p style=\"font-size: 18px; color: black; font-family: 'Signika Negative'; line-height: 100%; font-weight: 300; padding-left: 40px;\">\u25cf <strong>Jefe del Departamento:<\/strong> Cesar Valdivia<\/p>\n<p style=\"font-size: 18px; color: black; font-family: 'Signika Negative'; line-height: 100%; font-weight: 300; padding-left: 40px;\">\u25cf <strong>Domicilio:<\/strong> : Calzada de Tlalpan 836, Villa de Cortes Ciudad de Mexico, Distrito Federal 03530<\/p>\n<p style=\"font-size: 18px; color: black; font-family: 'Signika Negative'; line-height: 100%; font-weight: 300; padding-left: 40px;\">\u25cf <strong>Correo electr\u00f3nico: <\/strong><span style=\"color: #000080;\"><a href=\"mailto:cvsistemas@anelsam.mx\" style=\"color: #000080;\">cvsistemas@anelsam.mx<\/a><\/span><\/p>\n<p style=\"font-size: 18px; color: black; font-family: 'Signika Negative'; line-height: 100%; font-weight: 300; padding-left: 40px;\">\u25cf <strong>\u25cf Tel\u00e9fono:<\/strong> 5556980060<\/p>\n\t\t\t\t\t\t\t\t<\/div>\n\t\t\t\t<\/div>\n\t\t\t\t<div class=\"elementor-element elementor-element-36e0a11 elementor-widget-divider--view-line elementor-widget elementor-widget-divider\" data-id=\"36e0a11\" data-element_type=\"widget\" data-e-type=\"widget\" data-widget_type=\"divider.default\">\n\t\t\t\t<div class=\"elementor-widget-container\">\n\t\t\t\t\t\t\t<div class=\"elementor-divider\">\n\t\t\t<span class=\"elementor-divider-separator\">\n\t\t\t\t\t\t<\/span>\n\t\t<\/div>\n\t\t\t\t\t\t<\/div>\n\t\t\t\t<\/div>\n\t\t\t\t<div class=\"elementor-element elementor-element-70487a8 elementor-widget elementor-widget-text-editor\" data-id=\"70487a8\" data-element_type=\"widget\" data-e-type=\"widget\" data-widget_type=\"text-editor.default\">\n\t\t\t\t<div class=\"elementor-widget-container\">\n\t\t\t\t\t\t\t\t\t<p style=\"text-align: left; font-size: 22px; color: black; font-family: 'Signika Negative'; line-height: 100%; font-weight: 600; padding-left: 40px;\">3) \u00bfPara qu\u00e9 fines recabamos y utilizamos sus datos personales?<\/p>\n<p style=\"font-size: 18px; color: black; font-family: Signika Negative; line-height: 100%; font-weight: 300;\">Sus datos personales ser\u00e1n utilizados para las siguientes finalidades:<\/p>\n<p style=\"font-size: 18px; color: black; font-family: 'Signika Negative'; line-height: 100%; font-weight: 300; padding-left: 40px;\">\u25cf Proveer los productos solicitados.<br \/>\u25cf Proveer los servicios solicitados y\/o contratados.<br \/>\u25cf Responder a sus requerimientos de informaci\u00f3n, atenci\u00f3n y servicio. Gesti\u00f3n financiera, facturaci\u00f3n y cobro.<\/p>\n<p style=\"font-size: 18px; color: black; font-family: Signika Negative; line-height: 100%; font-weight: 300;\">Adicionalmente, sus datos personales podr\u00e1n ser utilizados para:<\/p>\n<p style=\"font-size: 18px; color: black; font-family: 'Signika Negative'; line-height: 100%; font-weight: 300; padding-left: 40px;\">\u25cf Promoci\u00f3n y mercadeo de productos y servicios.<br \/>\u25cf Ofrecerle nuevos productos y servicios a la medida de sus intereses y necesidades.<\/p>\t\t\t\t\t\t\t\t<\/div>\n\t\t\t\t<\/div>\n\t\t\t\t<div class=\"elementor-element elementor-element-d047c7a elementor-widget-divider--view-line elementor-widget elementor-widget-divider\" data-id=\"d047c7a\" data-element_type=\"widget\" data-e-type=\"widget\" data-widget_type=\"divider.default\">\n\t\t\t\t<div class=\"elementor-widget-container\">\n\t\t\t\t\t\t\t<div class=\"elementor-divider\">\n\t\t\t<span class=\"elementor-divider-separator\">\n\t\t\t\t\t\t<\/span>\n\t\t<\/div>\n\t\t\t\t\t\t<\/div>\n\t\t\t\t<\/div>\n\t\t\t\t<div class=\"elementor-element elementor-element-6d509f2 elementor-widget elementor-widget-text-editor\" data-id=\"6d509f2\" data-element_type=\"widget\" data-e-type=\"widget\" data-widget_type=\"text-editor.default\">\n\t\t\t\t<div class=\"elementor-widget-container\">\n\t\t\t\t\t\t\t\t\t<p style=\"text-align: left; font-size: 22px; color: black; font-family: 'Signika Negative'; line-height: 100%; font-weight: 600; padding-left: 40px;\">4) \u00bfQu\u00e9 datos personales obtenemos y de d\u00f3nde?<\/p>\n<p style=\"font-size: 18px; color: black; font-family: Signika Negative; line-height: 100%; font-weight: 300;\">Para las finalidades se\u00f1aladas anteriormente podemos recabar sus datos personales de distintas formas:<\/p>\n<p style=\"font-size: 18px; color: black; font-family: 'Signika Negative'; line-height: 100%; font-weight: 300; padding-left: 40px;\">\u25cf Cuando visita nuestro sitio de Internet o utiliza nuestros servicios en l\u00ednea<br \/>\u25cf Por tel\u00e9fono o fax.<br \/>\u25cf Cuando usted nos los proporciona personalmente.<br \/>\u25cf Cuando obtenemos informaci\u00f3n a trav\u00e9s de otras fuentes de acceso p\u00fablico que est\u00e1n permitidas por la ley (Directorios telef\u00f3nicos o laborales, sitios web, etc).<\/p>\n<p style=\"font-size: 18px; color: black; font-family: Signika Negative; line-height: 100%; font-weight: 300;\"><strong>Datos personales que recabamos<\/strong><\/p>\n<p style=\"font-size: 18px; color: black; font-family: 'Signika Negative'; line-height: 100%; font-weight: 300; padding-left: 40px;\">\u25cf Informaci\u00f3n de contacto (Nombre, Email, Direcci\u00f3n, Tel\u00e9fono, Celular, Fax).<br \/>\u25cf Documentaci\u00f3n de identidad (Credencial de Elector, Pasaporte, Licencia de Manejo, Cartilla o C\u00e9dula Profesional).<br \/>\u25cf Informaci\u00f3n financiera y medios de pago (Tarjeta de cr\u00e9dito, d\u00e9bito, cheques).<br \/>\u25cf Informaci\u00f3n Fiscal (RFC, Direcci\u00f3n de Facturaci\u00f3n).<br \/>\u25cf Identificaci\u00f3n en Redes Sociales (Facebook, Twitter, LinkedIn, Google+).<\/p>\t\t\t\t\t\t\t\t<\/div>\n\t\t\t\t<\/div>\n\t\t\t\t<div class=\"elementor-element elementor-element-6281309 elementor-widget-divider--view-line elementor-widget elementor-widget-divider\" data-id=\"6281309\" data-element_type=\"widget\" data-e-type=\"widget\" data-widget_type=\"divider.default\">\n\t\t\t\t<div class=\"elementor-widget-container\">\n\t\t\t\t\t\t\t<div class=\"elementor-divider\">\n\t\t\t<span class=\"elementor-divider-separator\">\n\t\t\t\t\t\t<\/span>\n\t\t<\/div>\n\t\t\t\t\t\t<\/div>\n\t\t\t\t<\/div>\n\t\t\t\t<div class=\"elementor-element elementor-element-e0c9ebd elementor-widget elementor-widget-text-editor\" data-id=\"e0c9ebd\" data-element_type=\"widget\" data-e-type=\"widget\" data-widget_type=\"text-editor.default\">\n\t\t\t\t<div class=\"elementor-widget-container\">\n\t\t\t\t\t\t\t\t\t<p style=\"text-align: left; font-size: 22px; color: black; font-family: 'Signika Negative'; line-height: 100%; font-weight: 600; padding-left: 40px;\">5) \u00bfC\u00f3mo Acceder, Rectificar, Cancelar u Oponerse al uso y tratamiento de sus datos personales (Derechos ARCO) o revocar su consentimiento para el tratamiento sus datos?<\/p>\n<p style=\"font-size: 18px; color: black; font-family: Signika Negative; line-height: 100%; font-weight: 300;\">Usted tiene derecho constitucional de <strong>Acceder<\/strong> y conocer los datos personales que poseemos y a los detalles del tratamiento y uso de los mismos, as\u00ed como a <strong>Rectificarlos<\/strong> y corregirlos en caso de ser inexactos o incompletos; <strong>Cancelarlos<\/strong> y eliminarlos cuando considere que no se requieren para alguna de las finalidades se\u00f1alados en el presente aviso de privacidad, o que est\u00e9n siendo utilizados para finalidades no autorizadas por usted o haya finalizado la relaci\u00f3n contractual o de servicio, o bien, <strong>Oponerse<\/strong> al tratamiento de los mismos para fines espec\u00edficos.<\/p>\n<p style=\"font-size: 18px; color: black; font-family: Signika Negative; line-height: 100%; font-weight: 300;\">Si desea mayor informaci\u00f3n, favor de comunicarse al correo electr\u00f3nico: <span style=\"color: #000080;\"><a style=\"color: #000080;\" href=\"mailto:contacto@anelsam.mx\">contacto@anelsam.mx<\/a><\/span><\/p>\n<p style=\"font-size: 20px; color: black; font-family: Signika Negative; line-height: 100%; font-weight: bold;\">\u00bfC\u00f3mo puede limitar el uso divulgaci\u00f3n de sus datos personales?<\/p>\n<p style=\"font-size: 18px; color: black; font-family: Signika Negative; line-height: 100%; font-weight: 300;\">Si usted desea ejercer sus derechos de ARCO, env\u00ede su solicitud al correo <span style=\"color: #000080;\"><a style=\"color: #000080;\" href=\"mailto:contacto@anelsam.mx\">contacto@anelsam.mx<\/a><\/span><span style=\"color: #333399;\"><\/span><\/p>\n<p style=\"font-size: 20px; color: black; font-family: Signika Negative; line-height: 100%; font-weight: bold;\">\u00bfC\u00f3mo revocar el consentimiento para el tratamiento de sus datos personales?<\/p>\n<p style=\"font-size: 18px; color: black; font-family: Signika Negative; line-height: 100%; font-weight: 300;\">Si usted desea revocar el consentimiento que nos otorg\u00f3 para el uso de sus datos personales, env\u00ede su solicitud al correo <span style=\"color: #000080;\"><a style=\"color: #000080;\" href=\"mailto:contacto@anelsam.mx\">contacto@anelsam.mx<\/a><\/span><\/p>\t\t\t\t\t\t\t\t<\/div>\n\t\t\t\t<\/div>\n\t\t\t\t<div class=\"elementor-element elementor-element-439b587 elementor-widget-divider--view-line elementor-widget elementor-widget-divider\" data-id=\"439b587\" data-element_type=\"widget\" data-e-type=\"widget\" data-widget_type=\"divider.default\">\n\t\t\t\t<div class=\"elementor-widget-container\">\n\t\t\t\t\t\t\t<div class=\"elementor-divider\">\n\t\t\t<span class=\"elementor-divider-separator\">\n\t\t\t\t\t\t<\/span>\n\t\t<\/div>\n\t\t\t\t\t\t<\/div>\n\t\t\t\t<\/div>\n\t\t\t\t<div class=\"elementor-element elementor-element-67500e1 elementor-widget elementor-widget-text-editor\" data-id=\"67500e1\" data-element_type=\"widget\" data-e-type=\"widget\" data-widget_type=\"text-editor.default\">\n\t\t\t\t<div class=\"elementor-widget-container\">\n\t\t\t\t\t\t\t\t\t<p style=\"text-align: left; font-size: 22px; color: black; font-family: 'Signika Negative'; line-height: 100%; font-weight: 600; padding-left: 40px;\">6) Transferencia de datos personales<\/p>\n<p style=\"font-size: 18px; color: black; font-family: Signika Negative; line-height: 100%; font-weight: 300;\">Sus datos personales no ser\u00e1n <strong>Transferidos<\/strong> a terceras personas o empresas. Para cumplir con las finalidades establecidas en este Aviso de Privacidad, podr\u00e1n ser \u00fanicamente <strong>Remitidos<\/strong> a personas o empresas que tengan el car\u00e1cter de <strong>Encargados<\/strong>.<\/p>\t\t\t\t\t\t\t\t<\/div>\n\t\t\t\t<\/div>\n\t\t\t\t<div class=\"elementor-element elementor-element-1319ebc elementor-widget-divider--view-line elementor-widget elementor-widget-divider\" data-id=\"1319ebc\" data-element_type=\"widget\" data-e-type=\"widget\" data-widget_type=\"divider.default\">\n\t\t\t\t<div class=\"elementor-widget-container\">\n\t\t\t\t\t\t\t<div class=\"elementor-divider\">\n\t\t\t<span class=\"elementor-divider-separator\">\n\t\t\t\t\t\t<\/span>\n\t\t<\/div>\n\t\t\t\t\t\t<\/div>\n\t\t\t\t<\/div>\n\t\t\t\t<div class=\"elementor-element elementor-element-1e84727 elementor-widget elementor-widget-text-editor\" data-id=\"1e84727\" data-element_type=\"widget\" data-e-type=\"widget\" data-widget_type=\"text-editor.default\">\n\t\t\t\t<div class=\"elementor-widget-container\">\n\t\t\t\t\t\t\t\t\t<p style=\"text-align: left; font-size: 22px; color: black; font-family: 'Signika Negative'; line-height: 100%; font-weight: 600; padding-left: 40px;\">7) Modificaciones al aviso de privacidad<\/p><p style=\"font-size: 18px; color: black; font-family: Signika Negative; line-height: 100%; font-weight: 300;\">Nos reservamos el derecho de efectuar en cualquier momento modificaciones o actualizaciones al presente Aviso de Privacidad, para la atenci\u00f3n de novedades legislativas, pol\u00edticas internas o nuevos requerimientos para la prestaci\u00f3n u ofrecimiento de nuestros servicios o productos.<span style=\"color: #333399;\"><\/span><\/p>\t\t\t\t\t\t\t\t<\/div>\n\t\t\t\t<\/div>\n\t\t\t\t<div class=\"elementor-element elementor-element-46349d2 elementor-widget-divider--view-line elementor-widget elementor-widget-divider\" data-id=\"46349d2\" data-element_type=\"widget\" data-e-type=\"widget\" data-widget_type=\"divider.default\">\n\t\t\t\t<div class=\"elementor-widget-container\">\n\t\t\t\t\t\t\t<div class=\"elementor-divider\">\n\t\t\t<span class=\"elementor-divider-separator\">\n\t\t\t\t\t\t<\/span>\n\t\t<\/div>\n\t\t\t\t\t\t<\/div>\n\t\t\t\t<\/div>\n\t\t\t\t<div class=\"elementor-element elementor-element-31d2adf elementor-widget elementor-widget-text-editor\" data-id=\"31d2adf\" data-element_type=\"widget\" data-e-type=\"widget\" data-widget_type=\"text-editor.default\">\n\t\t\t\t<div class=\"elementor-widget-container\">\n\t\t\t\t\t\t\t\t\t<p style=\"text-align: left; font-size: 22px; color: black; font-family: 'Signika Negative'; line-height: 100%; font-weight: 600;\">Uso de cookies, web beacons y JavaScript<\/p>\n<p style=\"font-size: 18px; color: black; font-family: Signika Negative; line-height: 100%; font-weight: 300;\">Las cookies son una peque\u00f1a pieza de informaci\u00f3n enviada autom\u00e1ticamente por nuestro sitio web, las cuales son almacenadas en su navegador. De esta manera el sitio web puede consultar dicha informaci\u00f3n para conocer la actividad previa del usuario y agilizar algunos procedimientos como mantener la sesi\u00f3n o identificar que secciones del sitio ya visit\u00f3.<\/p>\n<p style=\"font-size: 18px; color: black; font-family: Signika Negative; line-height: 100%; font-weight: 300;\">Las web beacons en conjunto con los JavaScripts de m\u00e9tricas web permiten almacenar informaci\u00f3n sobre los patrones de uso de nuestro sitio web. Le informamos que utilizamos esas herramientas para obtener informaci\u00f3n estad\u00edstica como la siguiente:<\/p>\n<p style=\"font-size: 18px; color: black; font-family: 'Signika Negative'; line-height: 100%; font-weight: 300; padding-left: 40px;\">\u25cf Tipo de navegador y sistema operativo.<br \/>\u25cf Las p\u00e1ginas de Internet consultadas.<br \/>\u25cf Origen de la visita.<br \/>\u25cf La direcci\u00f3n IP\nde acceso.<br \/>\u25cf Tiempo de permanencia en nuestro sitio.<br \/>\u25cf Entre otros datos estad\u00edsticos.<\/p>\n<p style=\"font-size: 18px; color: black; font-family: Signika Negative; line-height: 100%; font-weight: 300;\">Las cookies, el JavaScript y otras tecnolog\u00edas de seguimiento y rastreo pueden ser deshabilitadas, sin embargo,\ndesactivarlas puede generar que el sitio web o algunas de sus funcionalidades no se desempe\u00f1en\nadecuadamente.<\/p>\t\t\t\t\t\t\t\t<\/div>\n\t\t\t\t<\/div>\n\t\t\t\t\t<\/div>\n\t\t<\/div>\n\t\t\t\t\t<\/div>\n\t\t<\/section>\n\t\t\t\t<\/div>\n\t\t","protected":false},"excerpt":{"rendered":"<p>Aviso de privacidad Este documento describe la forma en que recabamos y usamos los datos personales que usted nos brinda. Tambi\u00e9n describe que tipo de datos son y que opciones tiene para limitar el uso de dichos datos, as\u00ed como el procedimiento para ejercer sus derechos ARCO. 1) Responsable de [&hellip;]<\/p>\n","protected":false},"author":1,"featured_media":0,"parent":0,"menu_order":0,"comment_status":"closed","ping_status":"closed","template":"","meta":{"footnotes":""},"class_list":["post-3","page","type-page","status-publish","hentry"],"aioseo_notices":[],"rttpg_featured_image_url":null,"rttpg_author":{"display_name":"admin","author_link":"https:\/\/anelsam.mx\/index.php\/author\/admin_anelsam\/"},"rttpg_comment":0,"rttpg_category":null,"rttpg_excerpt":"Aviso de privacidad Este documento describe la forma en que recabamos y usamos los datos personales que usted nos brinda. Tambi\u00e9n describe que tipo de datos son y que opciones tiene para limitar el uso de dichos datos, as\u00ed como el procedimiento para ejercer sus derechos ARCO. 1) Responsable de [&hellip;]","_links":{"self":[{"href":"https:\/\/anelsam.mx\/index.php\/wp-json\/wp\/v2\/pages\/3","targetHints":{"allow":["GET"]}}],"collection":[{"href":"https:\/\/anelsam.mx\/index.php\/wp-json\/wp\/v2\/pages"}],"about":[{"href":"https:\/\/anelsam.mx\/index.php\/wp-json\/wp\/v2\/types\/page"}],"author":[{"embeddable":true,"href":"https:\/\/anelsam.mx\/index.php\/wp-json\/wp\/v2\/users\/1"}],"replies":[{"embeddable":true,"href":"https:\/\/anelsam.mx\/index.php\/wp-json\/wp\/v2\/comments?post=3"}],"version-history":[{"count":134,"href":"https:\/\/anelsam.mx\/index.php\/wp-json\/wp\/v2\/pages\/3\/revisions"}],"predecessor-version":[{"id":2412,"href":"https:\/\/anelsam.mx\/index.php\/wp-json\/wp\/v2\/pages\/3\/revisions\/2412"}],"wp:attachment":[{"href":"https:\/\/anelsam.mx\/index.php\/wp-json\/wp\/v2\/media?parent=3"}],"curies":[{"name":"wp","href":"https:\/\/api.w.org\/{rel}","templated":true}]}}