{"id":7004,"date":"2023-05-30T18:43:51","date_gmt":"2023-05-30T18:43:51","guid":{"rendered":"https:\/\/anelsam.mx\/?page_id=7004"},"modified":"2023-05-30T23:20:16","modified_gmt":"2023-05-30T23:20:16","slug":"terminos-y-condiciones","status":"publish","type":"page","link":"https:\/\/anelsam.mx\/index.php\/terminos-y-condiciones\/","title":{"rendered":"T\u00e9rminos y condiciones"},"content":{"rendered":"\t\t<div data-elementor-type=\"wp-page\" data-elementor-id=\"7004\" class=\"elementor elementor-7004\">\n\t\t\t\t\t\t<section class=\"elementor-section elementor-top-section elementor-element elementor-element-fa143a6 elementor-section-boxed elementor-section-height-default elementor-section-height-default\" data-id=\"fa143a6\" data-element_type=\"section\" data-e-type=\"section\">\n\t\t\t\t\t\t<div class=\"elementor-container elementor-column-gap-default\">\n\t\t\t\t\t<div class=\"elementor-column elementor-col-100 elementor-top-column elementor-element elementor-element-69631cd\" data-id=\"69631cd\" data-element_type=\"column\" data-e-type=\"column\">\n\t\t\t<div class=\"elementor-widget-wrap elementor-element-populated\">\n\t\t\t\t\t\t<div class=\"elementor-element elementor-element-6632ad7 elementor-widget elementor-widget-text-editor\" data-id=\"6632ad7\" data-element_type=\"widget\" data-e-type=\"widget\" data-widget_type=\"text-editor.default\">\n\t\t\t\t<div class=\"elementor-widget-container\">\n\t\t\t\t\t\t\t\t\t<h1 style=\"text-align: center;\"><strong><span style=\"color: #3b4ca3; font-size: 50px; font-family: Poppins;\">T\u00e9rminos y<\/span><\/strong><\/h1>\t\t\t\t\t\t\t\t<\/div>\n\t\t\t\t<\/div>\n\t\t\t\t<div class=\"elementor-element elementor-element-b43434f elementor-widget elementor-widget-text-editor\" data-id=\"b43434f\" data-element_type=\"widget\" data-e-type=\"widget\" data-widget_type=\"text-editor.default\">\n\t\t\t\t<div class=\"elementor-widget-container\">\n\t\t\t\t\t\t\t\t\t<h1 style=\"text-align: center;\"><strong><span style=\"color: #6e83f0; font-size: 50px; font-family: Poppins;\">Condiciones<\/span><\/strong><\/h1>\t\t\t\t\t\t\t\t<\/div>\n\t\t\t\t<\/div>\n\t\t\t\t<div class=\"elementor-element elementor-element-5b80290 elementor-widget-divider--view-line elementor-widget elementor-widget-divider\" data-id=\"5b80290\" data-element_type=\"widget\" data-e-type=\"widget\" data-widget_type=\"divider.default\">\n\t\t\t\t<div class=\"elementor-widget-container\">\n\t\t\t\t\t\t\t<div class=\"elementor-divider\">\n\t\t\t<span class=\"elementor-divider-separator\">\n\t\t\t\t\t\t<\/span>\n\t\t<\/div>\n\t\t\t\t\t\t<\/div>\n\t\t\t\t<\/div>\n\t\t\t\t<div class=\"elementor-element elementor-element-3dcae46 elementor-widget elementor-widget-text-editor\" data-id=\"3dcae46\" data-element_type=\"widget\" data-e-type=\"widget\" data-widget_type=\"text-editor.default\">\n\t\t\t\t<div class=\"elementor-widget-container\">\n\t\t\t\t\t\t\t\t\t<p style=\"font-size: 22px; color: black; font-family: 'Signika Negative'; line-height: 100%; font-weight: 600; padding-left: 40px; text-align: center;\"><span style=\"color: #3b4ca3;\">Introducci\u00f3n<\/span><\/p>\t\t\t\t\t\t\t\t<\/div>\n\t\t\t\t<\/div>\n\t\t\t\t<div class=\"elementor-element elementor-element-e0026a4 elementor-widget elementor-widget-text-editor\" data-id=\"e0026a4\" data-element_type=\"widget\" data-e-type=\"widget\" data-widget_type=\"text-editor.default\">\n\t\t\t\t<div class=\"elementor-widget-container\">\n\t\t\t\t\t\t\t\t\t<p style=\"font-size: 18px; color: black; font-family: 'Signika Negative'; line-height: 100%; font-weight: 300; text-align: center;\">Bienvenido a nuestra p\u00e1gina ANELSAM Dental Corporation. Por favor revisa periodicamente nuestros T\u00e9rminos de uso para cualquier cambio.<\/p>\t\t\t\t\t\t\t\t<\/div>\n\t\t\t\t<\/div>\n\t\t\t\t<div class=\"elementor-element elementor-element-caaa76f elementor-widget elementor-widget-text-editor\" data-id=\"caaa76f\" data-element_type=\"widget\" data-e-type=\"widget\" data-widget_type=\"text-editor.default\">\n\t\t\t\t<div class=\"elementor-widget-container\">\n\t\t\t\t\t\t\t\t\t<p style=\"font-size: 22px; color: black; font-family: 'Signika Negative'; line-height: 100%; font-weight: 600; padding-left: 40px; text-align: left;\"><span style=\"color: #3b4ca3;\">Pol\u00edtica de garant\u00edas<\/span><\/p>\t\t\t\t\t\t\t\t<\/div>\n\t\t\t\t<\/div>\n\t\t\t\t<div class=\"elementor-element elementor-element-5b7d67e elementor-widget elementor-widget-text-editor\" data-id=\"5b7d67e\" data-element_type=\"widget\" data-e-type=\"widget\" data-widget_type=\"text-editor.default\">\n\t\t\t\t<div class=\"elementor-widget-container\">\n\t\t\t\t\t\t\t\t\t<p style=\"font-size: 18px; color: black; font-family: 'Signika Negative'; line-height: 100%; font-weight: 300; text-align: left;\">Solo nos hacemos responsables cuando se realizan las compras con nuestro distribuidor autorizado Dep\u00f3sito Dental Villa de Cortes S.A. de C.V y se revisan con el mismo.<\/p>\t\t\t\t\t\t\t\t<\/div>\n\t\t\t\t<\/div>\n\t\t\t\t<div class=\"elementor-element elementor-element-ad282e9 elementor-widget elementor-widget-text-editor\" data-id=\"ad282e9\" data-element_type=\"widget\" data-e-type=\"widget\" data-widget_type=\"text-editor.default\">\n\t\t\t\t<div class=\"elementor-widget-container\">\n\t\t\t\t\t\t\t\t\t<p style=\"font-size: 22px; color: black; font-family: 'Signika Negative'; line-height: 100%; font-weight: 600; padding-left: 40px; text-align: left;\"><span style=\"color: #3b4ca3;\">Pol\u00edtica de precios y promociones<\/span><\/p>\t\t\t\t\t\t\t\t<\/div>\n\t\t\t\t<\/div>\n\t\t\t\t<div class=\"elementor-element elementor-element-e6ba45b elementor-widget elementor-widget-text-editor\" data-id=\"e6ba45b\" data-element_type=\"widget\" data-e-type=\"widget\" data-widget_type=\"text-editor.default\">\n\t\t\t\t<div class=\"elementor-widget-container\">\n\t\t\t\t\t\t\t\t\t<p style=\"font-size: 18px; color: black; font-family: 'Signika Negative'; line-height: 100%; font-weight: 300; text-align: left;\">Los revisa nuestro distribuidor autorizado Dep\u00f3sito Dental Villa de Cortes S.A. de C.V<\/p>\t\t\t\t\t\t\t\t<\/div>\n\t\t\t\t<\/div>\n\t\t\t\t\t<\/div>\n\t\t<\/div>\n\t\t\t\t\t<\/div>\n\t\t<\/section>\n\t\t\t\t<\/div>\n\t\t","protected":false},"excerpt":{"rendered":"<p>T\u00e9rminos y Condiciones Introducci\u00f3n Bienvenido a nuestra p\u00e1gina ANELSAM Dental Corporation. Por favor revisa periodicamente nuestros T\u00e9rminos de uso para cualquier cambio. Pol\u00edtica de garant\u00edas Solo nos hacemos responsables cuando se realizan las compras con nuestro distribuidor autorizado Dep\u00f3sito Dental Villa de Cortes S.A. de C.V y se revisan con [&hellip;]<\/p>\n","protected":false},"author":1,"featured_media":0,"parent":0,"menu_order":0,"comment_status":"closed","ping_status":"closed","template":"page-templates\/template-pagebuilder-full-width.php","meta":{"footnotes":""},"class_list":["post-7004","page","type-page","status-publish","hentry"],"aioseo_notices":[],"rttpg_featured_image_url":null,"rttpg_author":{"display_name":"admin","author_link":"https:\/\/anelsam.mx\/index.php\/author\/admin_anelsam\/"},"rttpg_comment":0,"rttpg_category":null,"rttpg_excerpt":"T\u00e9rminos y Condiciones Introducci\u00f3n Bienvenido a nuestra p\u00e1gina ANELSAM Dental Corporation. Por favor revisa periodicamente nuestros T\u00e9rminos de uso para cualquier cambio. Pol\u00edtica de garant\u00edas Solo nos hacemos responsables cuando se realizan las compras con nuestro distribuidor autorizado Dep\u00f3sito Dental Villa de Cortes S.A. de C.V y se revisan con [&hellip;]","_links":{"self":[{"href":"https:\/\/anelsam.mx\/index.php\/wp-json\/wp\/v2\/pages\/7004","targetHints":{"allow":["GET"]}}],"collection":[{"href":"https:\/\/anelsam.mx\/index.php\/wp-json\/wp\/v2\/pages"}],"about":[{"href":"https:\/\/anelsam.mx\/index.php\/wp-json\/wp\/v2\/types\/page"}],"author":[{"embeddable":true,"href":"https:\/\/anelsam.mx\/index.php\/wp-json\/wp\/v2\/users\/1"}],"replies":[{"embeddable":true,"href":"https:\/\/anelsam.mx\/index.php\/wp-json\/wp\/v2\/comments?post=7004"}],"version-history":[{"count":31,"href":"https:\/\/anelsam.mx\/index.php\/wp-json\/wp\/v2\/pages\/7004\/revisions"}],"predecessor-version":[{"id":7045,"href":"https:\/\/anelsam.mx\/index.php\/wp-json\/wp\/v2\/pages\/7004\/revisions\/7045"}],"wp:attachment":[{"href":"https:\/\/anelsam.mx\/index.php\/wp-json\/wp\/v2\/media?parent=7004"}],"curies":[{"name":"wp","href":"https:\/\/api.w.org\/{rel}","templated":true}]}}